{"id":109,"date":"2018-01-31T11:50:09","date_gmt":"2018-01-31T14:50:09","guid":{"rendered":"https:\/\/laquebradaestancia.com.ar\/?page_id=109"},"modified":"2018-02-22T12:47:58","modified_gmt":"2018-02-22T15:47:58","slug":"historia","status":"publish","type":"page","link":"https:\/\/laquebradaestancia.com.ar\/fr\/historia\/","title":{"rendered":"Caract\u00e9ristiques"},"content":{"rendered":"<p><span lang=\"fr-FR\">L&#8217;\u00e9tablissement agricole La <\/span><span lang=\"fr-FR\">Quebrada<\/span><span lang=\"fr-FR\"> est plac\u00e9 dans la pampa argentine, au bord d&#8217;un grand lac et sillonn\u00e9 d&#8217;une cha\u00eene de dunes donnant au paysage un relief tr\u00e8s pittoresque. Au XIX si\u00e8cle, La <\/span><span lang=\"fr-FR\">Quebrada<\/span><span lang=\"fr-FR\"> a fait partie de l&#8217;\u00e9tablissement &#8220;La <\/span><span lang=\"fr-FR\">Larga<\/span><span lang=\"fr-FR\">&#8220;, appartenant au G\u00e9n\u00e9ral Julio A. Roca, ce qui permet de nos jours de parcourir de nombreux emplacements historiques. L&#8217;architecture classique et \u00e9l\u00e9gante de la maison principale est \u00e0 souligner dans son parc verdoyant et une grande galerie donne sur la campagne qui se perd \u00e0 l&#8217;horizon. La tour couverte de liserons qui rougissent au soleil en automne, cache deux chambres ayant une superbe vue. Et dedans, il faut d\u00e9couvrir une combinaison exquise de meubles de style, de rusticit\u00e9 et de confort ce qui parfait les d\u00e9lices de votre s\u00e9jour. <\/span><\/p>\n<p><span lang=\"fr-FR\">L&#8217;\u00e9tablissement a une superficie de 760 hectares consacr\u00e9s \u00e0 l&#8217;agriculture et \u00e0 l&#8217;\u00e9levage.<\/span><\/p>\n<p><span lang=\"fr-FR\">La maison principale est construite sur un parc de 20 hectares au milieu d&#8217;un bois de peupliers plant\u00e9s par le G\u00e9n\u00e9ral Roca, il y a plus de cent ans. D&#8217;autres esp\u00e8ces y ont \u00e9t\u00e9 ajout\u00e9es en lui donnant un charme tr\u00e8s sp\u00e9cial.<\/span><\/p>\n<p><span lang=\"fr-FR\">Elle est compos\u00e9e de cinq chambres \u00e0 coucher, un s\u00e9jour et une salle \u00e0 manger et une galerie, avec une magnifique vue sur la campagne.<\/span><\/p>\n<p><span lang=\"fr-FR\">Il faut aussi ajouter une piscine de natation de 14 m\u00e8tres par 8 m\u00e8tres, un court de tennis en b\u00e9ton, un terrain de polo et une \u00e9curie. Il y a un terrain de golf \u00e0 dix minutes de l&#8217;\u00e9tablissement.<\/span><\/p>\n<p>&nbsp;<\/p>\n<p><div id='gallery-3' class='gallery galleryid-109 gallery-columns-5 gallery-size-thumbnail'><figure class='gallery-item'>\n\t\t\t<div class='gallery-icon landscape'>\n\t\t\t\t<a href='https:\/\/laquebradaestancia.com.ar\/wp-content\/uploads\/2018\/02\/DSCN1074.jpg'><img width=\"150\" height=\"150\" src=\"https:\/\/laquebradaestancia.com.ar\/wp-content\/uploads\/2018\/02\/DSCN1074-150x150.jpg\" class=\"attachment-thumbnail size-thumbnail\" alt=\"\" decoding=\"async\" loading=\"lazy\" srcset=\"https:\/\/laquebradaestancia.com.ar\/wp-content\/uploads\/2018\/02\/DSCN1074-150x150.jpg 150w, https:\/\/laquebradaestancia.com.ar\/wp-content\/uploads\/2018\/02\/DSCN1074-500x500.jpg 500w\" sizes=\"(max-width: 150px) 100vw, 150px\" \/><\/a>\n\t\t\t<\/div><\/figure><figure class='gallery-item'>\n\t\t\t<div class='gallery-icon landscape'>\n\t\t\t\t<a href='https:\/\/laquebradaestancia.com.ar\/wp-content\/uploads\/2018\/02\/20180126_195243.jpg'><img width=\"150\" height=\"150\" src=\"https:\/\/laquebradaestancia.com.ar\/wp-content\/uploads\/2018\/02\/20180126_195243-150x150.jpg\" class=\"attachment-thumbnail size-thumbnail\" alt=\"\" decoding=\"async\" loading=\"lazy\" srcset=\"https:\/\/laquebradaestancia.com.ar\/wp-content\/uploads\/2018\/02\/20180126_195243-150x150.jpg 150w, https:\/\/laquebradaestancia.com.ar\/wp-content\/uploads\/2018\/02\/20180126_195243-500x500.jpg 500w\" sizes=\"(max-width: 150px) 100vw, 150px\" \/><\/a>\n\t\t\t<\/div><\/figure><figure class='gallery-item'>\n\t\t\t<div class='gallery-icon landscape'>\n\t\t\t\t<a href='https:\/\/laquebradaestancia.com.ar\/wp-content\/uploads\/2018\/02\/20180128_122704.jpg'><img width=\"150\" height=\"150\" src=\"https:\/\/laquebradaestancia.com.ar\/wp-content\/uploads\/2018\/02\/20180128_122704-150x150.jpg\" class=\"attachment-thumbnail size-thumbnail\" alt=\"\" decoding=\"async\" loading=\"lazy\" srcset=\"https:\/\/laquebradaestancia.com.ar\/wp-content\/uploads\/2018\/02\/20180128_122704-150x150.jpg 150w, https:\/\/laquebradaestancia.com.ar\/wp-content\/uploads\/2018\/02\/20180128_122704-500x500.jpg 500w\" sizes=\"(max-width: 150px) 100vw, 150px\" \/><\/a>\n\t\t\t<\/div><\/figure><figure class='gallery-item'>\n\t\t\t<div class='gallery-icon portrait'>\n\t\t\t\t<a href='https:\/\/laquebradaestancia.com.ar\/wp-content\/uploads\/2018\/02\/20180127_181222-e1518023945418.jpg'><img width=\"150\" height=\"150\" src=\"https:\/\/laquebradaestancia.com.ar\/wp-content\/uploads\/2018\/02\/20180127_181222-e1518023945418-150x150.jpg\" class=\"attachment-thumbnail size-thumbnail\" alt=\"\" decoding=\"async\" loading=\"lazy\" srcset=\"https:\/\/laquebradaestancia.com.ar\/wp-content\/uploads\/2018\/02\/20180127_181222-e1518023945418-150x150.jpg 150w, https:\/\/laquebradaestancia.com.ar\/wp-content\/uploads\/2018\/02\/20180127_181222-e1518023945418-500x500.jpg 500w\" sizes=\"(max-width: 150px) 100vw, 150px\" \/><\/a>\n\t\t\t<\/div><\/figure><figure class='gallery-item'>\n\t\t\t<div class='gallery-icon portrait'>\n\t\t\t\t<a href='https:\/\/laquebradaestancia.com.ar\/wp-content\/uploads\/2018\/02\/DSCN1041.jpg'><img width=\"150\" height=\"150\" src=\"https:\/\/laquebradaestancia.com.ar\/wp-content\/uploads\/2018\/02\/DSCN1041-150x150.jpg\" class=\"attachment-thumbnail size-thumbnail\" alt=\"\" decoding=\"async\" loading=\"lazy\" srcset=\"https:\/\/laquebradaestancia.com.ar\/wp-content\/uploads\/2018\/02\/DSCN1041-150x150.jpg 150w, https:\/\/laquebradaestancia.com.ar\/wp-content\/uploads\/2018\/02\/DSCN1041-500x500.jpg 500w\" sizes=\"(max-width: 150px) 100vw, 150px\" \/><\/a>\n\t\t\t<\/div><\/figure><figure class='gallery-item'>\n\t\t\t<div class='gallery-icon portrait'>\n\t\t\t\t<a href='https:\/\/laquebradaestancia.com.ar\/wp-content\/uploads\/2018\/02\/20180127_135859-e1518192528465.jpg'><img width=\"150\" height=\"150\" src=\"https:\/\/laquebradaestancia.com.ar\/wp-content\/uploads\/2018\/02\/20180127_135859-e1518192528465-150x150.jpg\" class=\"attachment-thumbnail size-thumbnail\" alt=\"\" decoding=\"async\" loading=\"lazy\" \/><\/a>\n\t\t\t<\/div><\/figure><figure class='gallery-item'>\n\t\t\t<div class='gallery-icon portrait'>\n\t\t\t\t<a href='https:\/\/laquebradaestancia.com.ar\/wp-content\/uploads\/2018\/02\/20171104_094408-e1518192428176.jpg'><img width=\"150\" height=\"150\" src=\"https:\/\/laquebradaestancia.com.ar\/wp-content\/uploads\/2018\/02\/20171104_094408-e1518192428176-150x150.jpg\" class=\"attachment-thumbnail size-thumbnail\" alt=\"\" decoding=\"async\" loading=\"lazy\" \/><\/a>\n\t\t\t<\/div><\/figure><figure class='gallery-item'>\n\t\t\t<div class='gallery-icon landscape'>\n\t\t\t\t<a href='https:\/\/laquebradaestancia.com.ar\/wp-content\/uploads\/2018\/02\/los-tres-en-el-medano.jpg'><img width=\"150\" height=\"150\" src=\"https:\/\/laquebradaestancia.com.ar\/wp-content\/uploads\/2018\/02\/los-tres-en-el-medano-150x150.jpg\" class=\"attachment-thumbnail size-thumbnail\" alt=\"\" decoding=\"async\" loading=\"lazy\" srcset=\"https:\/\/laquebradaestancia.com.ar\/wp-content\/uploads\/2018\/02\/los-tres-en-el-medano-150x150.jpg 150w, https:\/\/laquebradaestancia.com.ar\/wp-content\/uploads\/2018\/02\/los-tres-en-el-medano-500x500.jpg 500w\" sizes=\"(max-width: 150px) 100vw, 150px\" \/><\/a>\n\t\t\t<\/div><\/figure><figure class='gallery-item'>\n\t\t\t<div class='gallery-icon landscape'>\n\t\t\t\t<a href='https:\/\/laquebradaestancia.com.ar\/wp-content\/uploads\/2018\/02\/20180127_154922.jpg'><img width=\"150\" height=\"150\" src=\"https:\/\/laquebradaestancia.com.ar\/wp-content\/uploads\/2018\/02\/20180127_154922-150x150.jpg\" class=\"attachment-thumbnail size-thumbnail\" alt=\"\" decoding=\"async\" loading=\"lazy\" srcset=\"https:\/\/laquebradaestancia.com.ar\/wp-content\/uploads\/2018\/02\/20180127_154922-150x150.jpg 150w, https:\/\/laquebradaestancia.com.ar\/wp-content\/uploads\/2018\/02\/20180127_154922-500x500.jpg 500w\" sizes=\"(max-width: 150px) 100vw, 150px\" \/><\/a>\n\t\t\t<\/div><\/figure><figure class='gallery-item'>\n\t\t\t<div class='gallery-icon landscape'>\n\t\t\t\t<a href='https:\/\/laquebradaestancia.com.ar\/wp-content\/uploads\/2018\/02\/DSCN1055.jpg'><img width=\"150\" height=\"150\" src=\"https:\/\/laquebradaestancia.com.ar\/wp-content\/uploads\/2018\/02\/DSCN1055-150x150.jpg\" class=\"attachment-thumbnail size-thumbnail\" alt=\"\" decoding=\"async\" loading=\"lazy\" srcset=\"https:\/\/laquebradaestancia.com.ar\/wp-content\/uploads\/2018\/02\/DSCN1055-150x150.jpg 150w, https:\/\/laquebradaestancia.com.ar\/wp-content\/uploads\/2018\/02\/DSCN1055-500x500.jpg 500w\" sizes=\"(max-width: 150px) 100vw, 150px\" \/><\/a>\n\t\t\t<\/div><\/figure><figure class='gallery-item'>\n\t\t\t<div class='gallery-icon landscape'>\n\t\t\t\t<a href='https:\/\/laquebradaestancia.com.ar\/wp-content\/uploads\/2018\/02\/LQ-1.jpg'><img width=\"150\" height=\"150\" src=\"https:\/\/laquebradaestancia.com.ar\/wp-content\/uploads\/2018\/02\/LQ-1-150x150.jpg\" class=\"attachment-thumbnail size-thumbnail\" alt=\"\" decoding=\"async\" loading=\"lazy\" srcset=\"https:\/\/laquebradaestancia.com.ar\/wp-content\/uploads\/2018\/02\/LQ-1-150x150.jpg 150w, https:\/\/laquebradaestancia.com.ar\/wp-content\/uploads\/2018\/02\/LQ-1-500x500.jpg 500w\" sizes=\"(max-width: 150px) 100vw, 150px\" \/><\/a>\n\t\t\t<\/div><\/figure><figure class='gallery-item'>\n\t\t\t<div class='gallery-icon landscape'>\n\t\t\t\t<a href='https:\/\/laquebradaestancia.com.ar\/wp-content\/uploads\/2018\/02\/LQ-2.jpg'><img width=\"150\" height=\"150\" src=\"https:\/\/laquebradaestancia.com.ar\/wp-content\/uploads\/2018\/02\/LQ-2-150x150.jpg\" class=\"attachment-thumbnail size-thumbnail\" alt=\"\" decoding=\"async\" loading=\"lazy\" srcset=\"https:\/\/laquebradaestancia.com.ar\/wp-content\/uploads\/2018\/02\/LQ-2-150x150.jpg 150w, https:\/\/laquebradaestancia.com.ar\/wp-content\/uploads\/2018\/02\/LQ-2-500x500.jpg 500w\" sizes=\"(max-width: 150px) 100vw, 150px\" \/><\/a>\n\t\t\t<\/div><\/figure><figure class='gallery-item'>\n\t\t\t<div class='gallery-icon landscape'>\n\t\t\t\t<a href='https:\/\/laquebradaestancia.com.ar\/wp-content\/uploads\/2018\/02\/20180122_103210.jpg'><img width=\"150\" height=\"150\" src=\"https:\/\/laquebradaestancia.com.ar\/wp-content\/uploads\/2018\/02\/20180122_103210-150x150.jpg\" class=\"attachment-thumbnail size-thumbnail\" alt=\"\" decoding=\"async\" loading=\"lazy\" srcset=\"https:\/\/laquebradaestancia.com.ar\/wp-content\/uploads\/2018\/02\/20180122_103210-150x150.jpg 150w, https:\/\/laquebradaestancia.com.ar\/wp-content\/uploads\/2018\/02\/20180122_103210-500x500.jpg 500w\" sizes=\"(max-width: 150px) 100vw, 150px\" \/><\/a>\n\t\t\t<\/div><\/figure><figure class='gallery-item'>\n\t\t\t<div class='gallery-icon landscape'>\n\t\t\t\t<a href='https:\/\/laquebradaestancia.com.ar\/wp-content\/uploads\/2018\/02\/IMG-20171225-WA0009.jpg'><img width=\"150\" height=\"150\" src=\"https:\/\/laquebradaestancia.com.ar\/wp-content\/uploads\/2018\/02\/IMG-20171225-WA0009-150x150.jpg\" class=\"attachment-thumbnail size-thumbnail\" alt=\"\" decoding=\"async\" loading=\"lazy\" srcset=\"https:\/\/laquebradaestancia.com.ar\/wp-content\/uploads\/2018\/02\/IMG-20171225-WA0009-150x150.jpg 150w, https:\/\/laquebradaestancia.com.ar\/wp-content\/uploads\/2018\/02\/IMG-20171225-WA0009-500x500.jpg 500w\" sizes=\"(max-width: 150px) 100vw, 150px\" \/><\/a>\n\t\t\t<\/div><\/figure><figure class='gallery-item'>\n\t\t\t<div class='gallery-icon landscape'>\n\t\t\t\t<a href='https:\/\/laquebradaestancia.com.ar\/wp-content\/uploads\/2018\/02\/IMG-20170212-WA0001.jpg'><img width=\"150\" height=\"150\" src=\"https:\/\/laquebradaestancia.com.ar\/wp-content\/uploads\/2018\/02\/IMG-20170212-WA0001-150x150.jpg\" class=\"attachment-thumbnail size-thumbnail\" alt=\"\" decoding=\"async\" loading=\"lazy\" \/><\/a>\n\t\t\t<\/div><\/figure>\n\t\t<\/div>\n<\/p>","protected":false},"excerpt":{"rendered":"<p>L&#8217;\u00e9tablissement agricole La Quebrada est plac\u00e9 dans la pampa argentine, au bord d&#8217;un grand lac et sillonn\u00e9 d&#8217;une cha\u00eene de dunes donnant au paysage un relief tr\u00e8s pittoresque. Au XIX si\u00e8cle, La Quebrada a fait partie de l&#8217;\u00e9tablissement &#8220;La Larga&#8220;, appartenant au G\u00e9n\u00e9ral Julio A. Roca, ce qui permet de nos jours de parcourir de [&hellip;]<\/p>\n","protected":false},"author":1,"featured_media":0,"parent":0,"menu_order":0,"comment_status":"closed","ping_status":"closed","template":"","meta":[],"_links":{"self":[{"href":"https:\/\/laquebradaestancia.com.ar\/fr\/wp-json\/wp\/v2\/pages\/109"}],"collection":[{"href":"https:\/\/laquebradaestancia.com.ar\/fr\/wp-json\/wp\/v2\/pages"}],"about":[{"href":"https:\/\/laquebradaestancia.com.ar\/fr\/wp-json\/wp\/v2\/types\/page"}],"author":[{"embeddable":true,"href":"https:\/\/laquebradaestancia.com.ar\/fr\/wp-json\/wp\/v2\/users\/1"}],"replies":[{"embeddable":true,"href":"https:\/\/laquebradaestancia.com.ar\/fr\/wp-json\/wp\/v2\/comments?post=109"}],"version-history":[{"count":16,"href":"https:\/\/laquebradaestancia.com.ar\/fr\/wp-json\/wp\/v2\/pages\/109\/revisions"}],"predecessor-version":[{"id":289,"href":"https:\/\/laquebradaestancia.com.ar\/fr\/wp-json\/wp\/v2\/pages\/109\/revisions\/289"}],"wp:attachment":[{"href":"https:\/\/laquebradaestancia.com.ar\/fr\/wp-json\/wp\/v2\/media?parent=109"}],"curies":[{"name":"wp","href":"https:\/\/api.w.org\/{rel}","templated":true}]}}