{"id":115,"date":"2018-01-31T11:56:30","date_gmt":"2018-01-31T14:56:30","guid":{"rendered":"https:\/\/laquebradaestancia.com.ar\/?page_id=115"},"modified":"2018-02-26T12:16:05","modified_gmt":"2018-02-26T15:16:05","slug":"alojamiento","status":"publish","type":"page","link":"https:\/\/laquebradaestancia.com.ar\/fr\/alojamiento\/","title":{"rendered":"H\u00e9bergement"},"content":{"rendered":"<p><span lang=\"fr-FR\">Les s\u00e9jours doivent \u00eatre faits par r\u00e9servation d&#8217;au moins 2 nuits et de 2 passagers avec pension compl\u00e8te. Le repas est traditionnel argentin et international. Il y a 3 chambres \u00e0 grand lit avec salle de bain priv\u00e9e. Il y a 2 chambres \u00e0 grand lit avec salle de bain partag\u00e9e. Il y a 2 chambres \u00e0 petit lit ou \u00e0 grand lit avec salle de bain partag\u00e9e dans la tour adjacente \u00e0 la maison principale.<\/span><\/p>\n<p><span lang=\"fr-FR\">Il y a un vaste s\u00e9jour et salle \u00e0 manger avec une vue magnifique sur le parc, orn\u00e9 de quelques meubles anciens de collection et de d\u00e9tails tr\u00e8s pr\u00e9cieux.<\/span><\/p>\n<p><span lang=\"fr-FR\">Est aussi offerte une cabane \u00e0 deux chambres \u00e0 coucher et deux salles de bain, et self catering.<\/span><\/p>\n<p><div id='gallery-3' class='gallery galleryid-115 gallery-columns-5 gallery-size-thumbnail'><figure class='gallery-item'>\n\t\t\t<div class='gallery-icon landscape'>\n\t\t\t\t<a href='https:\/\/laquebradaestancia.com.ar\/wp-content\/uploads\/2018\/02\/20180213_095321.jpg'><img width=\"150\" height=\"150\" src=\"https:\/\/laquebradaestancia.com.ar\/wp-content\/uploads\/2018\/02\/20180213_095321-150x150.jpg\" class=\"attachment-thumbnail size-thumbnail\" alt=\"\" decoding=\"async\" loading=\"lazy\" \/><\/a>\n\t\t\t<\/div><\/figure><figure class='gallery-item'>\n\t\t\t<div class='gallery-icon portrait'>\n\t\t\t\t<a href='https:\/\/laquebradaestancia.com.ar\/wp-content\/uploads\/2018\/02\/IMG-20180223-WA0003.jpg'><img width=\"150\" height=\"150\" src=\"https:\/\/laquebradaestancia.com.ar\/wp-content\/uploads\/2018\/02\/IMG-20180223-WA0003-150x150.jpg\" class=\"attachment-thumbnail size-thumbnail\" alt=\"\" decoding=\"async\" loading=\"lazy\" \/><\/a>\n\t\t\t<\/div><\/figure><figure class='gallery-item'>\n\t\t\t<div class='gallery-icon landscape'>\n\t\t\t\t<a href='https:\/\/laquebradaestancia.com.ar\/wp-content\/uploads\/2018\/02\/DSCN3553.jpg'><img width=\"150\" height=\"150\" src=\"https:\/\/laquebradaestancia.com.ar\/wp-content\/uploads\/2018\/02\/DSCN3553-150x150.jpg\" class=\"attachment-thumbnail size-thumbnail\" alt=\"\" decoding=\"async\" loading=\"lazy\" srcset=\"https:\/\/laquebradaestancia.com.ar\/wp-content\/uploads\/2018\/02\/DSCN3553-150x150.jpg 150w, https:\/\/laquebradaestancia.com.ar\/wp-content\/uploads\/2018\/02\/DSCN3553-500x500.jpg 500w\" sizes=\"(max-width: 150px) 100vw, 150px\" \/><\/a>\n\t\t\t<\/div><\/figure><figure class='gallery-item'>\n\t\t\t<div class='gallery-icon landscape'>\n\t\t\t\t<a href='https:\/\/laquebradaestancia.com.ar\/wp-content\/uploads\/2018\/02\/DSCN3542.jpg'><img width=\"150\" height=\"150\" src=\"https:\/\/laquebradaestancia.com.ar\/wp-content\/uploads\/2018\/02\/DSCN3542-150x150.jpg\" class=\"attachment-thumbnail size-thumbnail\" alt=\"\" decoding=\"async\" loading=\"lazy\" srcset=\"https:\/\/laquebradaestancia.com.ar\/wp-content\/uploads\/2018\/02\/DSCN3542-150x150.jpg 150w, https:\/\/laquebradaestancia.com.ar\/wp-content\/uploads\/2018\/02\/DSCN3542-500x500.jpg 500w\" sizes=\"(max-width: 150px) 100vw, 150px\" \/><\/a>\n\t\t\t<\/div><\/figure><figure class='gallery-item'>\n\t\t\t<div class='gallery-icon landscape'>\n\t\t\t\t<a href='https:\/\/laquebradaestancia.com.ar\/wp-content\/uploads\/2018\/02\/DSCN3547.jpg'><img width=\"150\" height=\"150\" src=\"https:\/\/laquebradaestancia.com.ar\/wp-content\/uploads\/2018\/02\/DSCN3547-150x150.jpg\" class=\"attachment-thumbnail size-thumbnail\" alt=\"\" decoding=\"async\" loading=\"lazy\" srcset=\"https:\/\/laquebradaestancia.com.ar\/wp-content\/uploads\/2018\/02\/DSCN3547-150x150.jpg 150w, https:\/\/laquebradaestancia.com.ar\/wp-content\/uploads\/2018\/02\/DSCN3547-500x500.jpg 500w\" sizes=\"(max-width: 150px) 100vw, 150px\" \/><\/a>\n\t\t\t<\/div><\/figure><figure class='gallery-item'>\n\t\t\t<div class='gallery-icon landscape'>\n\t\t\t\t<a href='https:\/\/laquebradaestancia.com.ar\/wp-content\/uploads\/2018\/02\/IMG-20180223-WA0006.jpg'><img width=\"150\" height=\"150\" src=\"https:\/\/laquebradaestancia.com.ar\/wp-content\/uploads\/2018\/02\/IMG-20180223-WA0006-150x150.jpg\" class=\"attachment-thumbnail size-thumbnail\" alt=\"\" decoding=\"async\" loading=\"lazy\" \/><\/a>\n\t\t\t<\/div><\/figure><figure class='gallery-item'>\n\t\t\t<div class='gallery-icon landscape'>\n\t\t\t\t<a href='https:\/\/laquebradaestancia.com.ar\/wp-content\/uploads\/2018\/02\/LQ-1.jpg'><img width=\"150\" height=\"150\" src=\"https:\/\/laquebradaestancia.com.ar\/wp-content\/uploads\/2018\/02\/LQ-1-150x150.jpg\" class=\"attachment-thumbnail size-thumbnail\" alt=\"\" decoding=\"async\" loading=\"lazy\" srcset=\"https:\/\/laquebradaestancia.com.ar\/wp-content\/uploads\/2018\/02\/LQ-1-150x150.jpg 150w, https:\/\/laquebradaestancia.com.ar\/wp-content\/uploads\/2018\/02\/LQ-1-500x500.jpg 500w\" sizes=\"(max-width: 150px) 100vw, 150px\" \/><\/a>\n\t\t\t<\/div><\/figure><figure class='gallery-item'>\n\t\t\t<div class='gallery-icon landscape'>\n\t\t\t\t<a href='https:\/\/laquebradaestancia.com.ar\/wp-content\/uploads\/2018\/02\/100_5908.jpg'><img width=\"150\" height=\"150\" src=\"https:\/\/laquebradaestancia.com.ar\/wp-content\/uploads\/2018\/02\/100_5908-150x150.jpg\" class=\"attachment-thumbnail size-thumbnail\" alt=\"\" decoding=\"async\" loading=\"lazy\" srcset=\"https:\/\/laquebradaestancia.com.ar\/wp-content\/uploads\/2018\/02\/100_5908-150x150.jpg 150w, https:\/\/laquebradaestancia.com.ar\/wp-content\/uploads\/2018\/02\/100_5908-500x500.jpg 500w\" sizes=\"(max-width: 150px) 100vw, 150px\" \/><\/a>\n\t\t\t<\/div><\/figure><figure class='gallery-item'>\n\t\t\t<div class='gallery-icon landscape'>\n\t\t\t\t<a href='https:\/\/laquebradaestancia.com.ar\/wp-content\/uploads\/2018\/02\/DSCN1292.jpg'><img width=\"150\" height=\"150\" src=\"https:\/\/laquebradaestancia.com.ar\/wp-content\/uploads\/2018\/02\/DSCN1292-150x150.jpg\" class=\"attachment-thumbnail size-thumbnail\" alt=\"\" decoding=\"async\" loading=\"lazy\" srcset=\"https:\/\/laquebradaestancia.com.ar\/wp-content\/uploads\/2018\/02\/DSCN1292-150x150.jpg 150w, https:\/\/laquebradaestancia.com.ar\/wp-content\/uploads\/2018\/02\/DSCN1292-500x500.jpg 500w\" sizes=\"(max-width: 150px) 100vw, 150px\" \/><\/a>\n\t\t\t<\/div><\/figure><figure class='gallery-item'>\n\t\t\t<div class='gallery-icon portrait'>\n\t\t\t\t<a href='https:\/\/laquebradaestancia.com.ar\/wp-content\/uploads\/2018\/02\/20180127_181222-e1518023945418.jpg'><img width=\"150\" height=\"150\" src=\"https:\/\/laquebradaestancia.com.ar\/wp-content\/uploads\/2018\/02\/20180127_181222-e1518023945418-150x150.jpg\" class=\"attachment-thumbnail size-thumbnail\" alt=\"\" decoding=\"async\" loading=\"lazy\" srcset=\"https:\/\/laquebradaestancia.com.ar\/wp-content\/uploads\/2018\/02\/20180127_181222-e1518023945418-150x150.jpg 150w, https:\/\/laquebradaestancia.com.ar\/wp-content\/uploads\/2018\/02\/20180127_181222-e1518023945418-500x500.jpg 500w\" sizes=\"(max-width: 150px) 100vw, 150px\" \/><\/a>\n\t\t\t<\/div><\/figure><figure class='gallery-item'>\n\t\t\t<div class='gallery-icon landscape'>\n\t\t\t\t<a href='https:\/\/laquebradaestancia.com.ar\/wp-content\/uploads\/2018\/02\/20180127_154922.jpg'><img width=\"150\" height=\"150\" src=\"https:\/\/laquebradaestancia.com.ar\/wp-content\/uploads\/2018\/02\/20180127_154922-150x150.jpg\" class=\"attachment-thumbnail size-thumbnail\" alt=\"\" decoding=\"async\" loading=\"lazy\" srcset=\"https:\/\/laquebradaestancia.com.ar\/wp-content\/uploads\/2018\/02\/20180127_154922-150x150.jpg 150w, https:\/\/laquebradaestancia.com.ar\/wp-content\/uploads\/2018\/02\/20180127_154922-500x500.jpg 500w\" sizes=\"(max-width: 150px) 100vw, 150px\" \/><\/a>\n\t\t\t<\/div><\/figure><figure class='gallery-item'>\n\t\t\t<div class='gallery-icon landscape'>\n\t\t\t\t<a href='https:\/\/laquebradaestancia.com.ar\/wp-content\/uploads\/2018\/02\/20180129_112643.jpg'><img width=\"150\" height=\"150\" src=\"https:\/\/laquebradaestancia.com.ar\/wp-content\/uploads\/2018\/02\/20180129_112643-150x150.jpg\" class=\"attachment-thumbnail size-thumbnail\" alt=\"\" decoding=\"async\" loading=\"lazy\" srcset=\"https:\/\/laquebradaestancia.com.ar\/wp-content\/uploads\/2018\/02\/20180129_112643-150x150.jpg 150w, https:\/\/laquebradaestancia.com.ar\/wp-content\/uploads\/2018\/02\/20180129_112643-500x500.jpg 500w\" sizes=\"(max-width: 150px) 100vw, 150px\" \/><\/a>\n\t\t\t<\/div><\/figure><figure class='gallery-item'>\n\t\t\t<div class='gallery-icon portrait'>\n\t\t\t\t<a href='https:\/\/laquebradaestancia.com.ar\/wp-content\/uploads\/2018\/02\/DSCN1041.jpg'><img width=\"150\" height=\"150\" src=\"https:\/\/laquebradaestancia.com.ar\/wp-content\/uploads\/2018\/02\/DSCN1041-150x150.jpg\" class=\"attachment-thumbnail size-thumbnail\" alt=\"\" decoding=\"async\" loading=\"lazy\" srcset=\"https:\/\/laquebradaestancia.com.ar\/wp-content\/uploads\/2018\/02\/DSCN1041-150x150.jpg 150w, https:\/\/laquebradaestancia.com.ar\/wp-content\/uploads\/2018\/02\/DSCN1041-500x500.jpg 500w\" sizes=\"(max-width: 150px) 100vw, 150px\" \/><\/a>\n\t\t\t<\/div><\/figure><figure class='gallery-item'>\n\t\t\t<div class='gallery-icon portrait'>\n\t\t\t\t<a href='https:\/\/laquebradaestancia.com.ar\/wp-content\/uploads\/2018\/02\/DSCN1043.jpg'><img width=\"150\" height=\"150\" src=\"https:\/\/laquebradaestancia.com.ar\/wp-content\/uploads\/2018\/02\/DSCN1043-150x150.jpg\" class=\"attachment-thumbnail size-thumbnail\" alt=\"\" decoding=\"async\" loading=\"lazy\" srcset=\"https:\/\/laquebradaestancia.com.ar\/wp-content\/uploads\/2018\/02\/DSCN1043-150x150.jpg 150w, https:\/\/laquebradaestancia.com.ar\/wp-content\/uploads\/2018\/02\/DSCN1043-500x500.jpg 500w\" sizes=\"(max-width: 150px) 100vw, 150px\" \/><\/a>\n\t\t\t<\/div><\/figure><figure class='gallery-item'>\n\t\t\t<div class='gallery-icon landscape'>\n\t\t\t\t<a href='https:\/\/laquebradaestancia.com.ar\/wp-content\/uploads\/2018\/02\/DSCN0937.jpg'><img width=\"150\" height=\"150\" src=\"https:\/\/laquebradaestancia.com.ar\/wp-content\/uploads\/2018\/02\/DSCN0937-150x150.jpg\" class=\"attachment-thumbnail size-thumbnail\" alt=\"\" decoding=\"async\" loading=\"lazy\" srcset=\"https:\/\/laquebradaestancia.com.ar\/wp-content\/uploads\/2018\/02\/DSCN0937-150x150.jpg 150w, https:\/\/laquebradaestancia.com.ar\/wp-content\/uploads\/2018\/02\/DSCN0937-500x500.jpg 500w\" sizes=\"(max-width: 150px) 100vw, 150px\" \/><\/a>\n\t\t\t<\/div><\/figure><figure class='gallery-item'>\n\t\t\t<div class='gallery-icon landscape'>\n\t\t\t\t<a href='https:\/\/laquebradaestancia.com.ar\/wp-content\/uploads\/2018\/02\/DSCN1055.jpg'><img width=\"150\" height=\"150\" src=\"https:\/\/laquebradaestancia.com.ar\/wp-content\/uploads\/2018\/02\/DSCN1055-150x150.jpg\" class=\"attachment-thumbnail size-thumbnail\" alt=\"\" decoding=\"async\" loading=\"lazy\" srcset=\"https:\/\/laquebradaestancia.com.ar\/wp-content\/uploads\/2018\/02\/DSCN1055-150x150.jpg 150w, https:\/\/laquebradaestancia.com.ar\/wp-content\/uploads\/2018\/02\/DSCN1055-500x500.jpg 500w\" sizes=\"(max-width: 150px) 100vw, 150px\" \/><\/a>\n\t\t\t<\/div><\/figure><figure class='gallery-item'>\n\t\t\t<div class='gallery-icon landscape'>\n\t\t\t\t<a href='https:\/\/laquebradaestancia.com.ar\/wp-content\/uploads\/2018\/02\/IMG-20180223-WA0005.jpg'><img width=\"150\" height=\"150\" src=\"https:\/\/laquebradaestancia.com.ar\/wp-content\/uploads\/2018\/02\/IMG-20180223-WA0005-150x150.jpg\" class=\"attachment-thumbnail size-thumbnail\" alt=\"\" decoding=\"async\" loading=\"lazy\" srcset=\"https:\/\/laquebradaestancia.com.ar\/wp-content\/uploads\/2018\/02\/IMG-20180223-WA0005-150x150.jpg 150w, https:\/\/laquebradaestancia.com.ar\/wp-content\/uploads\/2018\/02\/IMG-20180223-WA0005-300x300.jpg 300w, https:\/\/laquebradaestancia.com.ar\/wp-content\/uploads\/2018\/02\/IMG-20180223-WA0005-768x768.jpg 768w, https:\/\/laquebradaestancia.com.ar\/wp-content\/uploads\/2018\/02\/IMG-20180223-WA0005-1024x1024.jpg 1024w, https:\/\/laquebradaestancia.com.ar\/wp-content\/uploads\/2018\/02\/IMG-20180223-WA0005-210x210.jpg 210w, https:\/\/laquebradaestancia.com.ar\/wp-content\/uploads\/2018\/02\/IMG-20180223-WA0005.jpg 1080w\" sizes=\"(max-width: 150px) 100vw, 150px\" \/><\/a>\n\t\t\t<\/div><\/figure><figure class='gallery-item'>\n\t\t\t<div class='gallery-icon landscape'>\n\t\t\t\t<a href='https:\/\/laquebradaestancia.com.ar\/wp-content\/uploads\/2018\/02\/IMG-20180223-WA0004.jpg'><img width=\"150\" height=\"150\" src=\"https:\/\/laquebradaestancia.com.ar\/wp-content\/uploads\/2018\/02\/IMG-20180223-WA0004-150x150.jpg\" class=\"attachment-thumbnail size-thumbnail\" alt=\"\" decoding=\"async\" loading=\"lazy\" srcset=\"https:\/\/laquebradaestancia.com.ar\/wp-content\/uploads\/2018\/02\/IMG-20180223-WA0004-150x150.jpg 150w, https:\/\/laquebradaestancia.com.ar\/wp-content\/uploads\/2018\/02\/IMG-20180223-WA0004-300x300.jpg 300w, https:\/\/laquebradaestancia.com.ar\/wp-content\/uploads\/2018\/02\/IMG-20180223-WA0004-768x768.jpg 768w, https:\/\/laquebradaestancia.com.ar\/wp-content\/uploads\/2018\/02\/IMG-20180223-WA0004-1024x1024.jpg 1024w, https:\/\/laquebradaestancia.com.ar\/wp-content\/uploads\/2018\/02\/IMG-20180223-WA0004-210x210.jpg 210w, https:\/\/laquebradaestancia.com.ar\/wp-content\/uploads\/2018\/02\/IMG-20180223-WA0004.jpg 1080w\" sizes=\"(max-width: 150px) 100vw, 150px\" \/><\/a>\n\t\t\t<\/div><\/figure><figure class='gallery-item'>\n\t\t\t<div class='gallery-icon landscape'>\n\t\t\t\t<a href='https:\/\/laquebradaestancia.com.ar\/wp-content\/uploads\/2018\/02\/DSCN1252.jpg'><img width=\"150\" height=\"150\" src=\"https:\/\/laquebradaestancia.com.ar\/wp-content\/uploads\/2018\/02\/DSCN1252-150x150.jpg\" class=\"attachment-thumbnail size-thumbnail\" alt=\"\" decoding=\"async\" loading=\"lazy\" srcset=\"https:\/\/laquebradaestancia.com.ar\/wp-content\/uploads\/2018\/02\/DSCN1252-150x150.jpg 150w, https:\/\/laquebradaestancia.com.ar\/wp-content\/uploads\/2018\/02\/DSCN1252-500x500.jpg 500w\" sizes=\"(max-width: 150px) 100vw, 150px\" \/><\/a>\n\t\t\t<\/div><\/figure><figure class='gallery-item'>\n\t\t\t<div class='gallery-icon landscape'>\n\t\t\t\t<a href='https:\/\/laquebradaestancia.com.ar\/wp-content\/uploads\/2018\/02\/DSCN1254.jpg'><img width=\"150\" height=\"150\" src=\"https:\/\/laquebradaestancia.com.ar\/wp-content\/uploads\/2018\/02\/DSCN1254-150x150.jpg\" class=\"attachment-thumbnail size-thumbnail\" alt=\"\" decoding=\"async\" loading=\"lazy\" srcset=\"https:\/\/laquebradaestancia.com.ar\/wp-content\/uploads\/2018\/02\/DSCN1254-150x150.jpg 150w, https:\/\/laquebradaestancia.com.ar\/wp-content\/uploads\/2018\/02\/DSCN1254-500x500.jpg 500w\" sizes=\"(max-width: 150px) 100vw, 150px\" \/><\/a>\n\t\t\t<\/div><\/figure><figure class='gallery-item'>\n\t\t\t<div class='gallery-icon landscape'>\n\t\t\t\t<a href='https:\/\/laquebradaestancia.com.ar\/wp-content\/uploads\/2018\/02\/DSCN1260.jpg'><img width=\"150\" height=\"150\" src=\"https:\/\/laquebradaestancia.com.ar\/wp-content\/uploads\/2018\/02\/DSCN1260-150x150.jpg\" class=\"attachment-thumbnail size-thumbnail\" alt=\"\" decoding=\"async\" loading=\"lazy\" srcset=\"https:\/\/laquebradaestancia.com.ar\/wp-content\/uploads\/2018\/02\/DSCN1260-150x150.jpg 150w, https:\/\/laquebradaestancia.com.ar\/wp-content\/uploads\/2018\/02\/DSCN1260-500x500.jpg 500w\" sizes=\"(max-width: 150px) 100vw, 150px\" \/><\/a>\n\t\t\t<\/div><\/figure><figure class='gallery-item'>\n\t\t\t<div class='gallery-icon landscape'>\n\t\t\t\t<a href='https:\/\/laquebradaestancia.com.ar\/wp-content\/uploads\/2018\/02\/DSCN1262.jpg'><img width=\"150\" height=\"150\" src=\"https:\/\/laquebradaestancia.com.ar\/wp-content\/uploads\/2018\/02\/DSCN1262-150x150.jpg\" class=\"attachment-thumbnail size-thumbnail\" alt=\"\" decoding=\"async\" loading=\"lazy\" srcset=\"https:\/\/laquebradaestancia.com.ar\/wp-content\/uploads\/2018\/02\/DSCN1262-150x150.jpg 150w, https:\/\/laquebradaestancia.com.ar\/wp-content\/uploads\/2018\/02\/DSCN1262-500x500.jpg 500w\" sizes=\"(max-width: 150px) 100vw, 150px\" \/><\/a>\n\t\t\t<\/div><\/figure><figure class='gallery-item'>\n\t\t\t<div class='gallery-icon landscape'>\n\t\t\t\t<a href='https:\/\/laquebradaestancia.com.ar\/wp-content\/uploads\/2018\/02\/DSCN1269.jpg'><img width=\"150\" height=\"150\" src=\"https:\/\/laquebradaestancia.com.ar\/wp-content\/uploads\/2018\/02\/DSCN1269-150x150.jpg\" class=\"attachment-thumbnail size-thumbnail\" alt=\"\" decoding=\"async\" loading=\"lazy\" srcset=\"https:\/\/laquebradaestancia.com.ar\/wp-content\/uploads\/2018\/02\/DSCN1269-150x150.jpg 150w, https:\/\/laquebradaestancia.com.ar\/wp-content\/uploads\/2018\/02\/DSCN1269-500x500.jpg 500w\" sizes=\"(max-width: 150px) 100vw, 150px\" \/><\/a>\n\t\t\t<\/div><\/figure><figure class='gallery-item'>\n\t\t\t<div class='gallery-icon landscape'>\n\t\t\t\t<a href='https:\/\/laquebradaestancia.com.ar\/wp-content\/uploads\/2018\/02\/DSCN1286.jpg'><img width=\"150\" height=\"150\" src=\"https:\/\/laquebradaestancia.com.ar\/wp-content\/uploads\/2018\/02\/DSCN1286-150x150.jpg\" class=\"attachment-thumbnail size-thumbnail\" alt=\"\" decoding=\"async\" loading=\"lazy\" srcset=\"https:\/\/laquebradaestancia.com.ar\/wp-content\/uploads\/2018\/02\/DSCN1286-150x150.jpg 150w, https:\/\/laquebradaestancia.com.ar\/wp-content\/uploads\/2018\/02\/DSCN1286-500x500.jpg 500w\" sizes=\"(max-width: 150px) 100vw, 150px\" \/><\/a>\n\t\t\t<\/div><\/figure><figure class='gallery-item'>\n\t\t\t<div class='gallery-icon landscape'>\n\t\t\t\t<a href='https:\/\/laquebradaestancia.com.ar\/wp-content\/uploads\/2018\/01\/image09.jpg'><img width=\"150\" height=\"150\" src=\"https:\/\/laquebradaestancia.com.ar\/wp-content\/uploads\/2018\/01\/image09-150x150.jpg\" class=\"attachment-thumbnail size-thumbnail\" alt=\"\" decoding=\"async\" loading=\"lazy\" \/><\/a>\n\t\t\t<\/div><\/figure><figure class='gallery-item'>\n\t\t\t<div class='gallery-icon landscape'>\n\t\t\t\t<a href='https:\/\/laquebradaestancia.com.ar\/wp-content\/uploads\/2018\/01\/image08.jpg'><img width=\"150\" height=\"150\" src=\"https:\/\/laquebradaestancia.com.ar\/wp-content\/uploads\/2018\/01\/image08-150x150.jpg\" class=\"attachment-thumbnail size-thumbnail\" alt=\"\" decoding=\"async\" loading=\"lazy\" \/><\/a>\n\t\t\t<\/div><\/figure><figure class='gallery-item'>\n\t\t\t<div class='gallery-icon landscape'>\n\t\t\t\t<a href='https:\/\/laquebradaestancia.com.ar\/wp-content\/uploads\/2017\/12\/azalea-1422238_1920.jpg'><img width=\"150\" height=\"150\" src=\"https:\/\/laquebradaestancia.com.ar\/wp-content\/uploads\/2017\/12\/azalea-1422238_1920-150x150.jpg\" class=\"attachment-thumbnail size-thumbnail\" alt=\"\" decoding=\"async\" loading=\"lazy\" srcset=\"https:\/\/laquebradaestancia.com.ar\/wp-content\/uploads\/2017\/12\/azalea-1422238_1920-150x150.jpg 150w, https:\/\/laquebradaestancia.com.ar\/wp-content\/uploads\/2017\/12\/azalea-1422238_1920-100x100.jpg 100w\" sizes=\"(max-width: 150px) 100vw, 150px\" \/><\/a>\n\t\t\t<\/div><\/figure><figure class='gallery-item'>\n\t\t\t<div class='gallery-icon landscape'>\n\t\t\t\t<a href='https:\/\/laquebradaestancia.com.ar\/wp-content\/uploads\/2018\/02\/20180211_123113.jpg'><img width=\"150\" height=\"150\" src=\"https:\/\/laquebradaestancia.com.ar\/wp-content\/uploads\/2018\/02\/20180211_123113-150x150.jpg\" class=\"attachment-thumbnail size-thumbnail\" alt=\"\" decoding=\"async\" loading=\"lazy\" \/><\/a>\n\t\t\t<\/div><\/figure><figure class='gallery-item'>\n\t\t\t<div class='gallery-icon landscape'>\n\t\t\t\t<a href='https:\/\/laquebradaestancia.com.ar\/wp-content\/uploads\/2018\/02\/20180211_161603.jpg'><img width=\"150\" height=\"150\" src=\"https:\/\/laquebradaestancia.com.ar\/wp-content\/uploads\/2018\/02\/20180211_161603-150x150.jpg\" class=\"attachment-thumbnail size-thumbnail\" alt=\"\" decoding=\"async\" loading=\"lazy\" \/><\/a>\n\t\t\t<\/div><\/figure>\n\t\t<\/div>\n<\/p>","protected":false},"excerpt":{"rendered":"<p>Les s\u00e9jours doivent \u00eatre faits par r\u00e9servation d&#8217;au moins 2 nuits et de 2 passagers avec pension compl\u00e8te. Le repas est traditionnel argentin et international. Il y a 3 chambres \u00e0 grand lit avec salle de bain priv\u00e9e. Il y a 2 chambres \u00e0 grand lit avec salle de bain partag\u00e9e. Il y a 2 [&hellip;]<\/p>\n","protected":false},"author":1,"featured_media":0,"parent":0,"menu_order":0,"comment_status":"closed","ping_status":"closed","template":"","meta":[],"_links":{"self":[{"href":"https:\/\/laquebradaestancia.com.ar\/fr\/wp-json\/wp\/v2\/pages\/115"}],"collection":[{"href":"https:\/\/laquebradaestancia.com.ar\/fr\/wp-json\/wp\/v2\/pages"}],"about":[{"href":"https:\/\/laquebradaestancia.com.ar\/fr\/wp-json\/wp\/v2\/types\/page"}],"author":[{"embeddable":true,"href":"https:\/\/laquebradaestancia.com.ar\/fr\/wp-json\/wp\/v2\/users\/1"}],"replies":[{"embeddable":true,"href":"https:\/\/laquebradaestancia.com.ar\/fr\/wp-json\/wp\/v2\/comments?post=115"}],"version-history":[{"count":14,"href":"https:\/\/laquebradaestancia.com.ar\/fr\/wp-json\/wp\/v2\/pages\/115\/revisions"}],"predecessor-version":[{"id":306,"href":"https:\/\/laquebradaestancia.com.ar\/fr\/wp-json\/wp\/v2\/pages\/115\/revisions\/306"}],"wp:attachment":[{"href":"https:\/\/laquebradaestancia.com.ar\/fr\/wp-json\/wp\/v2\/media?parent=115"}],"curies":[{"name":"wp","href":"https:\/\/api.w.org\/{rel}","templated":true}]}}