{"id":24,"date":"2017-12-13T13:27:57","date_gmt":"2017-12-13T16:27:57","guid":{"rendered":"https:\/\/laquebradaestancia.com.ar\/?page_id=24"},"modified":"2023-04-18T17:04:22","modified_gmt":"2023-04-18T20:04:22","slug":"inicio","status":"publish","type":"page","link":"https:\/\/laquebradaestancia.com.ar\/fr\/","title":{"rendered":"Inicio"},"content":{"rendered":"<p class=\"qtranxs-available-languages-message qtranxs-available-languages-message-fr\">D\u00e9sol\u00e9, cet article est seulement disponible en <a href=\"https:\/\/laquebradaestancia.com.ar\/es\/wp-json\/wp\/v2\/pages\/24\" class=\"qtranxs-available-language-link qtranxs-available-language-link-es\" title=\"Espa\u00f1ol\">Espagnol Europ\u00e9en<\/a> et <a href=\"https:\/\/laquebradaestancia.com.ar\/en\/wp-json\/wp\/v2\/pages\/24\" class=\"qtranxs-available-language-link qtranxs-available-language-link-en\" title=\"English\">Anglais Am\u00e9ricain<\/a>.<\/p>","protected":false},"excerpt":{"rendered":"<p>D\u00e9sol\u00e9, cet article est seulement disponible en Espagnol Europ\u00e9en et Anglais Am\u00e9ricain.<\/p>\n","protected":false},"author":1,"featured_media":0,"parent":0,"menu_order":0,"comment_status":"closed","ping_status":"closed","template":"","meta":[],"_links":{"self":[{"href":"https:\/\/laquebradaestancia.com.ar\/fr\/wp-json\/wp\/v2\/pages\/24"}],"collection":[{"href":"https:\/\/laquebradaestancia.com.ar\/fr\/wp-json\/wp\/v2\/pages"}],"about":[{"href":"https:\/\/laquebradaestancia.com.ar\/fr\/wp-json\/wp\/v2\/types\/page"}],"author":[{"embeddable":true,"href":"https:\/\/laquebradaestancia.com.ar\/fr\/wp-json\/wp\/v2\/users\/1"}],"replies":[{"embeddable":true,"href":"https:\/\/laquebradaestancia.com.ar\/fr\/wp-json\/wp\/v2\/comments?post=24"}],"version-history":[{"count":10,"href":"https:\/\/laquebradaestancia.com.ar\/fr\/wp-json\/wp\/v2\/pages\/24\/revisions"}],"predecessor-version":[{"id":335,"href":"https:\/\/laquebradaestancia.com.ar\/fr\/wp-json\/wp\/v2\/pages\/24\/revisions\/335"}],"wp:attachment":[{"href":"https:\/\/laquebradaestancia.com.ar\/fr\/wp-json\/wp\/v2\/media?parent=24"}],"curies":[{"name":"wp","href":"https:\/\/api.w.org\/{rel}","templated":true}]}}