{"id":26,"date":"2017-12-13T13:28:08","date_gmt":"2017-12-13T16:28:08","guid":{"rendered":"https:\/\/laquebradaestancia.com.ar\/?page_id=26"},"modified":"2023-04-18T17:09:43","modified_gmt":"2023-04-18T20:09:43","slug":"contacto","status":"publish","type":"page","link":"https:\/\/laquebradaestancia.com.ar\/fr\/contacto\/","title":{"rendered":"Contact"},"content":{"rendered":"<div style=\"height:100px\" aria-hidden=\"true\" class=\"wp-block-spacer\"><\/div>\n\n\n<p><strong><span lang=\"fr-FR\">T\u00e9l\u00e9phone:<br \/><\/span><\/strong><\/p>\n<p>(54-11) 4 326.8208 \u00f3 4322.8172<\/p>\n<p>+54 9 11 44115512 (Federico Fleitas)<br \/>+54 9 11 44495566 (Patricia Schulte de Fleitas)<\/p>\n<p lang=\"fr-FR\"><strong>E-mails:<\/strong><\/p>\n<p><span lang=\"fr-FR\"><a href=\"mailto:contacto@laquebradaestancia.com.ar\">contacto@laquebradaestancia.com.ar<br \/><\/a><\/span><a href=\"mailto:info@estudiofleitas.com.ar\">info@estudiofleitas.com.ar<\/a><\/p>\n<p>\u00a0<\/p>\n\n\n<div style=\"height:130px\" aria-hidden=\"true\" class=\"wp-block-spacer\"><\/div>","protected":false},"excerpt":{"rendered":"<p>T\u00e9l\u00e9phone: (54-11) 4 326.8208 \u00f3 4322.8172 +54 9 11 44115512 (Federico Fleitas)+54 9 11 44495566 (Patricia Schulte de Fleitas) E-mails: contacto@laquebradaestancia.com.arinfo@estudiofleitas.com.ar \u00a0<\/p>\n","protected":false},"author":1,"featured_media":20,"parent":0,"menu_order":0,"comment_status":"closed","ping_status":"closed","template":"","meta":[],"_links":{"self":[{"href":"https:\/\/laquebradaestancia.com.ar\/fr\/wp-json\/wp\/v2\/pages\/26"}],"collection":[{"href":"https:\/\/laquebradaestancia.com.ar\/fr\/wp-json\/wp\/v2\/pages"}],"about":[{"href":"https:\/\/laquebradaestancia.com.ar\/fr\/wp-json\/wp\/v2\/types\/page"}],"author":[{"embeddable":true,"href":"https:\/\/laquebradaestancia.com.ar\/fr\/wp-json\/wp\/v2\/users\/1"}],"replies":[{"embeddable":true,"href":"https:\/\/laquebradaestancia.com.ar\/fr\/wp-json\/wp\/v2\/comments?post=26"}],"version-history":[{"count":9,"href":"https:\/\/laquebradaestancia.com.ar\/fr\/wp-json\/wp\/v2\/pages\/26\/revisions"}],"predecessor-version":[{"id":338,"href":"https:\/\/laquebradaestancia.com.ar\/fr\/wp-json\/wp\/v2\/pages\/26\/revisions\/338"}],"wp:featuredmedia":[{"embeddable":true,"href":"https:\/\/laquebradaestancia.com.ar\/fr\/wp-json\/wp\/v2\/media\/20"}],"wp:attachment":[{"href":"https:\/\/laquebradaestancia.com.ar\/fr\/wp-json\/wp\/v2\/media?parent=26"}],"curies":[{"name":"wp","href":"https:\/\/api.w.org\/{rel}","templated":true}]}}